{"id":1248,"date":"2023-03-08T14:22:15","date_gmt":"2023-03-08T14:22:15","guid":{"rendered":"https:\/\/boomitra.com\/?page_id=1248"},"modified":"2025-11-26T23:52:34","modified_gmt":"2025-11-26T23:52:34","slug":"privacy-policy","status":"publish","type":"page","link":"https:\/\/boomitra.com\/es\/privacy-policy\/","title":{"rendered":"Pol\u00edtica de privacidad"},"content":{"rendered":"<h1 class=\"wp-block-heading\">Pol\u00edtica de Privacidad de Boomitra Inc.<\/h1>\r\n<p><span class=\"TextRun SCXW186750063 BCX0\" lang=\"EN-US\" xml:lang=\"EN-US\" data-contrast=\"none\"><span class=\"NormalTextRun SCXW186750063 BCX0\">Last updated: November 26, 2025<\/span><\/span><span class=\"EOP SCXW186750063 BCX0\" data-ccp-props=\"{}\">\u00a0<\/span><\/p>\r\n<p>Esta Pol\u00edtica de Privacidad (la \"Pol\u00edtica\") describe las pr\u00e1cticas de Boomitra Inc., una corporaci\u00f3n de Delaware (\"Boomitra\", \"nosotros\", \"nuestro\" o \"nosotros\"), en relaci\u00f3n con la recopilaci\u00f3n, uso, mantenimiento, protecci\u00f3n y divulgaci\u00f3n de informaci\u00f3n que podemos recopilar de usted (\"usted\" o \"su\") o que usted puede proporcionarnos cuando usa nuestro sitio web en <a href=\"https:\/\/boomitra.com\/es\/\">www.boomitra.com<\/a> y cualquier sitio web afiliado (en conjunto, el \"Sitio web\"). Esta Pol\u00edtica se aplica \u00fanicamente a la informaci\u00f3n recopilada por nosotros a trav\u00e9s del Sitio web y no a la informaci\u00f3n recopilada por nosotros sin conexi\u00f3n o por cualquier tercero, o por cualquier tercero que pueda ser accesible o vinculado desde o hacia el Sitio web.<\/p>\r\n<p>Al acceder o utilizar el Sitio web, incluida la compra u obtenci\u00f3n de nuestros productos o servicios a trav\u00e9s del Sitio web, acepta esta Pol\u00edtica. Si no est\u00e1 de acuerdo con los t\u00e9rminos de esta Pol\u00edtica, no utilice el Sitio web ni proporcione ninguna informaci\u00f3n a nosotros. Podemos realizar cambios en esta Pol\u00edtica de vez en cuando, y su uso continuado del Sitio web despu\u00e9s de cualquier revisi\u00f3n constituye su aceptaci\u00f3n y acuerdo con esos cambios. Por lo tanto, consulte la Pol\u00edtica peri\u00f3dicamente para conocer las actualizaciones.<\/p>\r\n<h4>\u00a0<\/h4>\r\n<h4>INFORMACI\u00d3N QUE RECOPILAMOS<\/h4>\r\n<p>Podemos recopilar dos tipos de informaci\u00f3n cuando utiliza nuestro sitio web:<\/p>\r\n<p><strong>Informaci\u00f3n personal:<\/strong>\u00a0<span data-contrast=\"none\">This includes information that can identify you, such as your name, mailing address, email address, phone number, IP address, account username and password, organization or company affiliation, payment-related information (processed by our third-party payment processors), payout or banking details (where applicable), transaction history (including carbon credits purchased or sold), and information displayed in your buyer dashboard or carbon wallet.<\/span><span data-ccp-props=\"{}\">\u00a0<\/span><\/p>\r\n<p><span data-contrast=\"none\">If you create a buyer account or access a carbon wallet as a farmer, rancher, landowner, or partner, we may collect additional information related to your participation in Boomitra programs, such as project identifiers, land or farm identifiers, estimated and verified carbon credits generated, credits retired or sold, and payment status or history.<\/span><span data-ccp-props=\"{&quot;134233117&quot;:false,&quot;134233118&quot;:false,&quot;335559738&quot;:240,&quot;335559739&quot;:240}\">\u00a0<\/span><\/p>\r\n<p><strong>Informaci\u00f3n no personal:<\/strong> esto incluye informaci\u00f3n que no lo identifica como individuo, como su tipo de navegador, conexi\u00f3n a internet, URL del sitio web anterior que visit\u00f3, el dispositivo que utiliza para acceder a nuestro sitio web y c\u00f3mo utiliza nuestro sitio web.<\/p>\r\n<h4>\u00a0<\/h4>\r\n<h4>C\u00d3MO RECOPILAMOS SU INFORMACI\u00d3N<\/h4>\r\n<p>Recopilamos informaci\u00f3n de dos formas:<\/p>\r\n<p><strong>Informaci\u00f3n que nos proporciona:<\/strong> cuando utiliza nuestro sitio web, puede elegir proporcionarnos informaci\u00f3n personal y no personal. Esto puede incluir cuando visita nuestro sitio web, completa y env\u00eda formularios en nuestro sitio web, se comunica con nosotros o informa un problema con nuestro sitio web.<\/p>\r\n<p><strong>Informaci\u00f3n que recopilamos autom\u00e1ticamente:<\/strong> recopilamos direcciones IP autom\u00e1ticamente cuando utiliza nuestro sitio web. Adem\u00e1s de las direcciones IP, no recopilamos informaci\u00f3n en tiempo real sobre usted o sus dispositivos a trav\u00e9s de nuestro sitio web. Sin embargo, podemos utilizar tecnolog\u00edas de recopilaci\u00f3n autom\u00e1tica de datos para recopilar ciertos datos, como detalles de uso e informaci\u00f3n del dispositivo.<\/p>\r\n<p><span class=\"TextRun SCXW101796437 BCX0\" lang=\"EN-US\" xml:lang=\"EN-US\" data-contrast=\"none\"><span class=\"NormalTextRun SCXW101796437 BCX0\">We and our service providers may use cookies, pixel tags, local storage and similar technologies to collect this information over time and across different pages of the Website, and to help us understand how the Website is used, improve performance, and, where permitted by law, measure or deliver advertising on other platforms (such as Google or LinkedIn). You can control cookies through your browser settings, but if you disable them, some features of the Website may not function properly.<\/span><\/span><span class=\"EOP SCXW101796437 BCX0\" data-ccp-props=\"{}\">\u00a0<\/span><\/p>\r\n<p>Si no desea que recopilemos esta informaci\u00f3n, no utilice nuestro sitio web.<\/p>\r\n<p>&nbsp;<\/p>\r\n<h4>C\u00d3MO UTILIZAMOS SU INFORMACI\u00d3N<\/h4>\r\n<p>We use the information we collect from you, including Personal Information, in the following ways:<\/p>\r\n<p>1) To provide access to the Website and respond to your requests for information.<\/p>\r\n<p>2) To improve our business and the Website.<\/p>\r\n<p>3) For legal and safety purposes.<\/p>\r\n<p>4) To contact you if necessary.<\/p>\r\n<p>5) To fulfill any other purpose for which you provided the information.<\/p>\r\n<p>6) To improve the Website.<\/p>\r\n<p>Tambi\u00e9n podemos usar su informaci\u00f3n de otras maneras que le describimos en el momento en que nos la proporciona, o con su consentimiento.<\/p>\r\n<p><span class=\"TextRun SCXW139699844 BCX0\" lang=\"EN-US\" xml:lang=\"EN-US\" data-contrast=\"none\"><span class=\"NormalTextRun SCXW139699844 BCX0\">We also use Personal Information to create and manage your account, provide access to the buyer dashboard and carbon wallet, process payments and transactions related to carbon credits, display information to you about your credits and payment history, communicate with you about your account or participation in <\/span><span class=\"NormalTextRun SpellingErrorV2Themed SCXW139699844 BCX0\">Boomitra<\/span><span class=\"NormalTextRun SCXW139699844 BCX0\"> programs, and maintain the security and integrity of our systems.<\/span><\/span><span class=\"EOP SCXW139699844 BCX0\" data-ccp-props=\"{}\">\u00a0<\/span><\/p>\r\n<p>&nbsp;<\/p>\r\n<h4>DIVULGACI\u00d3N DE SU INFORMACI\u00d3N<\/h4>\r\n<p>No compartimos su Informaci\u00f3n Personal con terceros, excepto como se describe en esta Pol\u00edtica. Podemos compartir Informaci\u00f3n No Personal agregada que no lo identifica con terceros para ayudar a mejorar el sitio web.<\/p>\r\n<p>We may disclose your Personal Information:<\/p>\r\n<p>1) To contractors, service providers, and other third parties who help us run our business and have agreed to keep your information confidential.<\/p>\r\n<p>2) To a buyer or successor if we sell or transfer some or all of our business or assets.<\/p>\r\n<p>3) To fulfill the purpose for which you provided the information.<\/p>\r\n<p>4) With your consent.<\/p>\r\n<p>5) To law enforcement, government entities, courts, or other third parties as required or allowed by applicable law.<\/p>\r\n<p><span data-contrast=\"none\">6) To third-party payment processors, financial institutions, or payout providers in order to process payments you make to us or payments we make to you.<\/span><span data-ccp-props=\"{}\">\u00a0<\/span><\/p>\r\n<p><span data-contrast=\"none\">7) To project partners, field partners, implementation partners, or service providers who help us administer projects, calculate credits, conduct training, or make payments to eligible participants, in each case only to the extent necessary and subject to confidentiality obligations.<\/span><span data-ccp-props=\"{}\">\u00a0<\/span><\/p>\r\n<p><span data-contrast=\"none\">We may also disclose your Personal Information if we believe it\u2019s necessary to comply with the law, respond to a government request, or protect our rights, property, or safety or that of our affiliates, agents, or others.<\/span><span data-ccp-props=\"{}\">\u00a0<\/span><\/p>\r\n<p><span data-contrast=\"none\">Because we operate globally, your information may be transferred to, stored in, or accessed from countries other than your country of residence. We take steps to protect your information in accordance with this Policy when it is transferred across borders.<\/span><span data-ccp-props=\"{}\">\u00a0<\/span><\/p>\r\n<p><span data-contrast=\"none\">We do not sell your Personal Information.<\/span><span data-ccp-props=\"{}\">\u00a0<\/span><\/p>\r\n<p>&nbsp;<\/p>\r\n<h4>TUS OPCIONES Y C\u00d3MO ANULAR LA SUSCRIPCI\u00d3N<\/h4>\r\n<p>En Boomitra, podemos enviarte correos electr\u00f3nicos con noticias, informaci\u00f3n o actualizaciones relacionadas con nuestro sitio web, negocio o actividades. Si deseas dejar de recibir estos correos electr\u00f3nicos, puedes \"anular la suscripci\u00f3n\" en cualquier momento siguiendo las instrucciones incluidas en el correo electr\u00f3nico o respondiendo al correo electr\u00f3nico y declarando tu solicitud. Sin embargo, ten en cuenta que nos reservamos el derecho de enviarte correos electr\u00f3nicos o contactarte con informaci\u00f3n importante, avisos o cambios relacionados con Boomitra, independientemente de si te has dado de baja o no.<\/p>\r\n<p>&nbsp;<\/p>\r\n<h4>ACCESO Y CORRECCI\u00d3N DE LA INFORMACI\u00d3N PERSONAL<\/h4>\r\n<p>Puedes revisar, corregir o eliminar tu Informaci\u00f3n Personal envi\u00e1ndonos un correo electr\u00f3nico a <a href=\"mailto:info@boomitra.com\">info@boomitra.com<\/a> para solicitar acceso a tu informaci\u00f3n o para realizar los cambios necesarios. Ten en cuenta que es posible que no podamos cambiar o eliminar tu informaci\u00f3n si creemos que hacerlo violar\u00eda alg\u00fan requisito legal o har\u00eda que la informaci\u00f3n fuera incorrecta.<\/p>\r\n<p>&nbsp;<\/p>\r\n<h4>SEGURIDAD DE DATOS<\/h4>\r\n<p>Tenemos medidas para proteger tu Informaci\u00f3n Personal, pero ten en cuenta que la transmisi\u00f3n de informaci\u00f3n a trav\u00e9s de Internet no es completamente segura. Por lo tanto, no podemos garantizar la seguridad de tu Informaci\u00f3n Personal. Al proporcionarnos tu Informaci\u00f3n Personal, reconoces y aceptas que lo est\u00e1s haciendo bajo tu propio riesgo. No somos responsables de cualquier falla o elusi\u00f3n de configuraciones de privacidad o medidas de seguridad que tengamos en vigor para proteger tu Informaci\u00f3n Personal.<\/p>\r\n<p>&nbsp;<\/p>\r\n<h4>RETENTION OF PERSONAL INFORMATION<\/h4>\r\n<p><span class=\"TextRun SCXW133112376 BCX0\" lang=\"EN-US\" xml:lang=\"EN-US\" data-contrast=\"none\"><span class=\"NormalTextRun SCXW133112376 BCX0\">We <\/span><span class=\"NormalTextRun SCXW133112376 BCX0\">retain<\/span><span class=\"NormalTextRun SCXW133112376 BCX0\"> Personal Information for as long as reasonably necessary to fulfill the purposes described in this Policy, including to meet legal, accounting, or reporting requirements, and then <\/span><span class=\"NormalTextRun SCXW133112376 BCX0\">delete<\/span><span class=\"NormalTextRun SCXW133112376 BCX0\"> or anonymize it <\/span><span class=\"NormalTextRun SCXW133112376 BCX0\">in accordance with<\/span><span class=\"NormalTextRun SCXW133112376 BCX0\"> our data retention practices.<\/span><\/span><span class=\"EOP SCXW133112376 BCX0\" data-ccp-props=\"{}\">\u00a0<\/span><\/p>\r\n<p>&nbsp;<\/p>\r\n<h4>NI\u00d1OS MENORES DE 13 A\u00d1OS<\/h4>\r\n<p>No recopilamos intencionalmente Informaci\u00f3n Personal de ni\u00f1os menores de 13 a\u00f1os. Si tienes menos de 13 a\u00f1os, no env\u00edes Informaci\u00f3n Personal a nosotros. Si nos enteramos de que hemos recopilado o recibido Informaci\u00f3n Personal de un ni\u00f1o menor de 13 a\u00f1os sin la verificaci\u00f3n del consentimiento parental, eliminaremos esa informaci\u00f3n. Si crees que podemos tener Informaci\u00f3n Personal de o sobre un ni\u00f1o menor de 13 a\u00f1os, cont\u00e1ctanos en <a href=\"mailto:info@boomitra.com\">info@boomitra.com<\/a>.<\/p>\r\n<p>&nbsp;<\/p>\r\n<h4>LEGAL AND ETHICAL OBLIGATIONS\u00a0<\/h4>\r\n<p>All of Boomitra&#8217;s Business Partners and Business Associates are must comply with <span style=\"text-decoration: underline;\"><a href=\"https:\/\/boomitra.com\/es\/privacy-policy\/ethics\/\">these guidelines<\/a><\/span>. <span class=\"ql-badge-yellow\">For any concerns or grievances from farmers, partners, and landowners, please refer to our <\/span><a href=\"https:\/\/boomitra.com\/wp-content\/uploads\/2024\/09\/1r.-Grievance-Policy-Boomitra-Partners-and-Enrolled-Farmers-and-Landowners.pdf\"><span style=\"text-decoration: underline;\">Grievance Polic<\/span>y<\/a><span class=\"ql-badge-yellow\"> for detailed information on how to raise and resolve issues.<\/span><\/p>\r\n<p>&nbsp;<\/p>\r\n<h4>CAMBIOS EN NUESTRA POL\u00cdTICA DE PRIVACIDAD<\/h4>\r\n<p>Podemos modificar o enmendar esta Pol\u00edtica de vez en cuando. La fecha de la \u00faltima revisi\u00f3n de esta Pol\u00edtica se identifica en la parte superior de la p\u00e1gina, y los t\u00e9rminos de esta Pol\u00edtica son efectivos a partir de esa fecha.<\/p>\r\n<p>&nbsp;<\/p>\r\n<h4>INFORMACI\u00d3N DE CONTACTO<\/h4>\r\n<p>Si tienes alguna pregunta o comentario sobre esta Pol\u00edtica o nuestras pr\u00e1cticas de privacidad, cont\u00e1ctanos en <a href=\"mailto:info@boomitra.com\">info@boomitra.com<\/a>.<\/p>\r\n<p>&nbsp;<\/p>","protected":false},"excerpt":{"rendered":"<p>Boomitra Inc. Privacy Policy Last updated: November 26, 2025\u00a0 This [&hellip;]<\/p>","protected":false},"author":4,"featured_media":0,"parent":0,"menu_order":0,"comment_status":"closed","ping_status":"closed","template":"privacy-policy.php","meta":{"_acf_changed":false,"footnotes":""},"class_list":["post-1248","page","type-page","status-publish","hentry"],"acf":[],"yoast_head":"<!-- This site is optimized with the Yoast SEO plugin v25.9 - https:\/\/yoast.com\/wordpress\/plugins\/seo\/ -->\n<title>Privacy Policy - Boomitra<\/title>\n<meta name=\"robots\" content=\"index, follow, max-snippet:-1, max-image-preview:large, max-video-preview:-1\" \/>\n<link rel=\"canonical\" href=\"https:\/\/boomitra.com\/es\/privacy-policy\/\" \/>\n<meta property=\"og:locale\" content=\"es_ES\" \/>\n<meta property=\"og:type\" content=\"article\" \/>\n<meta property=\"og:title\" content=\"Privacy Policy - Boomitra\" \/>\n<meta property=\"og:description\" content=\"Boomitra Inc. Privacy Policy Last updated: November 26, 2025\u00a0 This [&hellip;]\" \/>\n<meta property=\"og:url\" content=\"https:\/\/boomitra.com\/es\/privacy-policy\/\" \/>\n<meta property=\"og:site_name\" content=\"Boomitra\" \/>\n<meta property=\"article:publisher\" content=\"https:\/\/www.facebook.com\/BoomitraHQ\" \/>\n<meta property=\"article:modified_time\" content=\"2025-11-26T23:52:34+00:00\" \/>\n<meta name=\"twitter:card\" content=\"summary_large_image\" \/>\n<meta name=\"twitter:site\" content=\"@Boomitra\" \/>\n<meta name=\"twitter:label1\" content=\"Tiempo de lectura\" \/>\n\t<meta name=\"twitter:data1\" content=\"7 minutos\" \/>\n<script type=\"application\/ld+json\" class=\"yoast-schema-graph\">{\"@context\":\"https:\/\/schema.org\",\"@graph\":[{\"@type\":\"WebPage\",\"@id\":\"https:\/\/boomitra.com\/privacy-policy\/\",\"url\":\"https:\/\/boomitra.com\/privacy-policy\/\",\"name\":\"Privacy Policy - Boomitra\",\"isPartOf\":{\"@id\":\"https:\/\/boomitra.com\/#website\"},\"datePublished\":\"2023-03-08T14:22:15+00:00\",\"dateModified\":\"2025-11-26T23:52:34+00:00\",\"breadcrumb\":{\"@id\":\"https:\/\/boomitra.com\/privacy-policy\/#breadcrumb\"},\"inLanguage\":\"es\",\"potentialAction\":[{\"@type\":\"ReadAction\",\"target\":[\"https:\/\/boomitra.com\/privacy-policy\/\"]}]},{\"@type\":\"BreadcrumbList\",\"@id\":\"https:\/\/boomitra.com\/privacy-policy\/#breadcrumb\",\"itemListElement\":[{\"@type\":\"ListItem\",\"position\":1,\"name\":\"Home\",\"item\":\"https:\/\/boomitra.com\/\"},{\"@type\":\"ListItem\",\"position\":2,\"name\":\"Privacy Policy\"}]},{\"@type\":\"WebSite\",\"@id\":\"https:\/\/boomitra.com\/#website\",\"url\":\"https:\/\/boomitra.com\/\",\"name\":\"Boomitra\",\"description\":\"The leading international soil carbon marketplace powered by AI and remote sensing technology.\",\"publisher\":{\"@id\":\"https:\/\/boomitra.com\/#organization\"},\"potentialAction\":[{\"@type\":\"SearchAction\",\"target\":{\"@type\":\"EntryPoint\",\"urlTemplate\":\"https:\/\/boomitra.com\/?s={search_term_string}\"},\"query-input\":{\"@type\":\"PropertyValueSpecification\",\"valueRequired\":true,\"valueName\":\"search_term_string\"}}],\"inLanguage\":\"es\"},{\"@type\":\"Organization\",\"@id\":\"https:\/\/boomitra.com\/#organization\",\"name\":\"Boomitra\",\"url\":\"https:\/\/boomitra.com\/\",\"logo\":{\"@type\":\"ImageObject\",\"inLanguage\":\"es\",\"@id\":\"https:\/\/boomitra.com\/#\/schema\/logo\/image\/\",\"url\":\"https:\/\/boomitra.com\/wp-content\/uploads\/2023\/03\/author-icon-news.png\",\"contentUrl\":\"https:\/\/boomitra.com\/wp-content\/uploads\/2023\/03\/author-icon-news.png\",\"width\":123,\"height\":123,\"caption\":\"Boomitra\"},\"image\":{\"@id\":\"https:\/\/boomitra.com\/#\/schema\/logo\/image\/\"},\"sameAs\":[\"https:\/\/www.facebook.com\/BoomitraHQ\",\"https:\/\/x.com\/Boomitra\",\"https:\/\/www.linkedin.com\/company\/boomitra\/\"]}]}<\/script>\n<!-- \/ Yoast SEO plugin. -->","yoast_head_json":{"title":"Privacy Policy - Boomitra","robots":{"index":"index","follow":"follow","max-snippet":"max-snippet:-1","max-image-preview":"max-image-preview:large","max-video-preview":"max-video-preview:-1"},"canonical":"https:\/\/boomitra.com\/es\/privacy-policy\/","og_locale":"es_ES","og_type":"article","og_title":"Privacy Policy - Boomitra","og_description":"Boomitra Inc. Privacy Policy Last updated: November 26, 2025\u00a0 This [&hellip;]","og_url":"https:\/\/boomitra.com\/es\/privacy-policy\/","og_site_name":"Boomitra","article_publisher":"https:\/\/www.facebook.com\/BoomitraHQ","article_modified_time":"2025-11-26T23:52:34+00:00","twitter_card":"summary_large_image","twitter_site":"@Boomitra","twitter_misc":{"Tiempo de lectura":"7 minutos"},"schema":{"@context":"https:\/\/schema.org","@graph":[{"@type":"WebPage","@id":"https:\/\/boomitra.com\/privacy-policy\/","url":"https:\/\/boomitra.com\/privacy-policy\/","name":"Privacy Policy - Boomitra","isPartOf":{"@id":"https:\/\/boomitra.com\/#website"},"datePublished":"2023-03-08T14:22:15+00:00","dateModified":"2025-11-26T23:52:34+00:00","breadcrumb":{"@id":"https:\/\/boomitra.com\/privacy-policy\/#breadcrumb"},"inLanguage":"es","potentialAction":[{"@type":"ReadAction","target":["https:\/\/boomitra.com\/privacy-policy\/"]}]},{"@type":"BreadcrumbList","@id":"https:\/\/boomitra.com\/privacy-policy\/#breadcrumb","itemListElement":[{"@type":"ListItem","position":1,"name":"Home","item":"https:\/\/boomitra.com\/"},{"@type":"ListItem","position":2,"name":"Privacy Policy"}]},{"@type":"WebSite","@id":"https:\/\/boomitra.com\/#website","url":"https:\/\/boomitra.com\/","name":"Boomitra","description":"The leading international soil carbon marketplace powered by AI and remote sensing technology.","publisher":{"@id":"https:\/\/boomitra.com\/#organization"},"potentialAction":[{"@type":"SearchAction","target":{"@type":"EntryPoint","urlTemplate":"https:\/\/boomitra.com\/?s={search_term_string}"},"query-input":{"@type":"PropertyValueSpecification","valueRequired":true,"valueName":"search_term_string"}}],"inLanguage":"es"},{"@type":"Organization","@id":"https:\/\/boomitra.com\/#organization","name":"Boomitra","url":"https:\/\/boomitra.com\/","logo":{"@type":"ImageObject","inLanguage":"es","@id":"https:\/\/boomitra.com\/#\/schema\/logo\/image\/","url":"https:\/\/boomitra.com\/wp-content\/uploads\/2023\/03\/author-icon-news.png","contentUrl":"https:\/\/boomitra.com\/wp-content\/uploads\/2023\/03\/author-icon-news.png","width":123,"height":123,"caption":"Boomitra"},"image":{"@id":"https:\/\/boomitra.com\/#\/schema\/logo\/image\/"},"sameAs":["https:\/\/www.facebook.com\/BoomitraHQ","https:\/\/x.com\/Boomitra","https:\/\/www.linkedin.com\/company\/boomitra\/"]}]}},"_links":{"self":[{"href":"https:\/\/boomitra.com\/es\/wp-json\/wp\/v2\/pages\/1248","targetHints":{"allow":["GET"]}}],"collection":[{"href":"https:\/\/boomitra.com\/es\/wp-json\/wp\/v2\/pages"}],"about":[{"href":"https:\/\/boomitra.com\/es\/wp-json\/wp\/v2\/types\/page"}],"author":[{"embeddable":true,"href":"https:\/\/boomitra.com\/es\/wp-json\/wp\/v2\/users\/4"}],"replies":[{"embeddable":true,"href":"https:\/\/boomitra.com\/es\/wp-json\/wp\/v2\/comments?post=1248"}],"version-history":[{"count":11,"href":"https:\/\/boomitra.com\/es\/wp-json\/wp\/v2\/pages\/1248\/revisions"}],"predecessor-version":[{"id":4401,"href":"https:\/\/boomitra.com\/es\/wp-json\/wp\/v2\/pages\/1248\/revisions\/4401"}],"wp:attachment":[{"href":"https:\/\/boomitra.com\/es\/wp-json\/wp\/v2\/media?parent=1248"}],"curies":[{"name":"wp","href":"https:\/\/api.w.org\/{rel}","templated":true}]}}